{"id":670,"date":"2025-06-13T10:10:19","date_gmt":"2025-06-13T08:10:19","guid":{"rendered":"https:\/\/www.dauredesign.com\/contact\/"},"modified":"2025-07-16T13:18:44","modified_gmt":"2025-07-16T11:18:44","slug":"contact","status":"publish","type":"page","link":"https:\/\/www.dauredesign.com\/en\/contact\/","title":{"rendered":"Contact"},"content":{"rendered":"<p>[et_pb_section fb_built=&#8221;1&#8243; _builder_version=&#8221;4.27.2&#8243; _module_preset=&#8221;default&#8221; custom_padding=&#8221;0px||0px||false|false&#8221; global_colors_info=&#8221;{}&#8221;][et_pb_row _builder_version=&#8221;4.27.2&#8243; _module_preset=&#8221;default&#8221; global_colors_info=&#8221;{}&#8221;][et_pb_column type=&#8221;4_4&#8243; _builder_version=&#8221;4.27.2&#8243; _module_preset=&#8221;default&#8221; global_colors_info=&#8221;{}&#8221;][et_pb_text _builder_version=&#8221;4.27.2&#8243; _module_preset=&#8221;default&#8221; global_colors_info=&#8221;{}&#8221;]<\/p>\n<h1 style=\"text-align: center;\">Get in touch with us<br \/>\n<\/h1>\n<p>[\/et_pb_text][et_pb_text _builder_version=&#8221;4.27.2&#8243; _module_preset=&#8221;default&#8221; global_colors_info=&#8221;{}&#8221;]<\/p>\n<p style=\"text-align: center;\">Have a project in mind? Don&#8217;t hesitate to get in touch, we&#8217;ll get back to you as soon as possible to discuss it!<\/p>\n<p>[\/et_pb_text][\/et_pb_column][\/et_pb_row][\/et_pb_section][et_pb_section fb_built=&#8221;1&#8243; module_class=&#8221;seccionForm imgFullWidth imgFullWidthLeft &#8221; _builder_version=&#8221;4.27.2&#8243; _module_preset=&#8221;default&#8221; global_colors_info=&#8221;{}&#8221;][et_pb_row column_structure=&#8221;1_2,1_2&#8243; make_equal=&#8221;on&#8221; _builder_version=&#8221;4.27.2&#8243; _module_preset=&#8221;default&#8221; background_color=&#8221;#fcfbfb&#8221; width=&#8221;100%&#8221; max_width=&#8221;1920px&#8221; custom_padding=&#8221;0px||0px||true|false&#8221; global_colors_info=&#8221;{}&#8221;][et_pb_column type=&#8221;1_2&#8243; module_class=&#8221;order0&#8243; _builder_version=&#8221;4.27.2&#8243; _module_preset=&#8221;default&#8221; global_colors_info=&#8221;{}&#8221;][et_pb_image src=&#8221;https:\/\/www.dauredesign.com\/wp-content\/uploads\/2025\/06\/contacto.jpg&#8221; title_text=&#8221;contacto&#8221; _builder_version=&#8221;4.27.2&#8243; _module_preset=&#8221;default&#8221; global_colors_info=&#8221;{}&#8221;][\/et_pb_image][\/et_pb_column][et_pb_column type=&#8221;1_2&#8243; module_class=&#8221;order1&#8243; _builder_version=&#8221;4.27.2&#8243; _module_preset=&#8221;default&#8221; global_colors_info=&#8221;{}&#8221;][et_pb_text module_class=&#8221;listadoContacto&#8221; _builder_version=&#8221;4.27.2&#8243; _module_preset=&#8221;default&#8221; global_colors_info=&#8221;{}&#8221;]<\/p>\n<div id=\"bgLayers_comp-m1gwrobv\" data-hook=\"bgLayers\" data-motion-part=\"BG_LAYER comp-m1gwrobv\" class=\"MW5IWV\">\n<ul>\n<li id=\"bgMedia_comp-m1gwrobv\" data-motion-part=\"BG_MEDIA comp-m1gwrobv\" class=\"VgO9Yg\"><a data-auto-recognition=\"true\" href=\"mailto:contact@dauredesign.com\" class=\"wixui-rich-text__text\">contact@dauredesign.com<\/a><\/li>\n<li><a href=\"tel:+34613005601\">+34 613 005 601<\/a><\/li>\n<\/ul>\n<\/div>\n<p>[\/et_pb_text][et_pb_text _builder_version=&#8221;4.27.2&#8243; _module_preset=&#8221;default&#8221; global_colors_info=&#8221;{}&#8221;]<\/p>\n\n<div class=\"wpcf7 no-js\" id=\"wpcf7-f669-o1\" lang=\"es-ES\" dir=\"ltr\" data-wpcf7-id=\"669\">\n<div class=\"screen-reader-response\"><p role=\"status\" aria-live=\"polite\" aria-atomic=\"true\"><\/p> <ul><\/ul><\/div>\n<form action=\"\/en\/wp-json\/wp\/v2\/pages\/670#wpcf7-f669-o1\" method=\"post\" class=\"wpcf7-form init\" aria-label=\"Formulario de contacto\" novalidate=\"novalidate\" data-status=\"init\">\n<fieldset class=\"hidden-fields-container\"><input type=\"hidden\" name=\"_wpcf7\" value=\"669\" \/><input type=\"hidden\" name=\"_wpcf7_version\" value=\"6.1\" \/><input type=\"hidden\" name=\"_wpcf7_locale\" value=\"es_ES\" \/><input type=\"hidden\" name=\"_wpcf7_unit_tag\" value=\"wpcf7-f669-o1\" \/><input type=\"hidden\" name=\"_wpcf7_container_post\" value=\"0\" \/><input type=\"hidden\" name=\"_wpcf7_posted_data_hash\" value=\"\" \/><input type=\"hidden\" name=\"_wpcf7_recaptcha_response\" value=\"\" \/>\n<\/fieldset>\n<div class=\"et_pb_row\">\n\t<div class=\"et_pb_column et_pb_column_1_2 et_pb_css_mix_blend_mode_passthrough\">\n\t\t<div class=\"et_pb_module et_pb_text et_pb_text_2 et_pb_text_align_left et_pb_bg_layout_light\">\n\t\t\t<div class=\"et_pb_text_inner\">\n\t\t\t\t<p><label> First name* <span class=\"wpcf7-form-control-wrap\" data-name=\"prenom\"><input size=\"40\" maxlength=\"400\" class=\"wpcf7-form-control wpcf7-text wpcf7-validates-as-required\" id=\"contact_name\" aria-required=\"true\" aria-invalid=\"false\" value=\"\" type=\"text\" name=\"prenom\" \/><\/span> <\/label>\n\t\t\t\t<\/p>\n\t\t\t<\/div>\n\t\t<\/div>\n\t<\/div>\n\t<div class=\"et_pb_column et_pb_column_1_2 et_pb_css_mix_blend_mode_passthrough\">\n\t\t<div class=\"et_pb_module et_pb_text et_pb_text_2 et_pb_text_align_left et_pb_bg_layout_light\">\n\t\t\t<div class=\"et_pb_text_inner\">\n\t\t\t\t<p><label> Last name* <span class=\"wpcf7-form-control-wrap\" data-name=\"apellidos\"><input size=\"40\" maxlength=\"400\" class=\"wpcf7-form-control wpcf7-text wpcf7-validates-as-required\" aria-required=\"true\" aria-invalid=\"false\" value=\"\" type=\"text\" name=\"apellidos\" \/><\/span> <\/label>\n\t\t\t\t<\/p>\n\t\t\t<\/div>\n\t\t<\/div>\n\t<\/div>\n<\/div>\n<div class=\"et_pb_row\">\n\t<div class=\"et_pb_column et_pb_column_4_4 et_pb_css_mix_blend_mode_passthrough et-last-child\">\n\t\t<div class=\"et_pb_module et_pb_text et_pb_text_3  et_pb_text_align_left et_pb_bg_layout_light\">\n\t\t\t<div class=\"et_pb_text_inner\">\n\t\t\t\t<p><label> E-mail* <span class=\"wpcf7-form-control-wrap\" data-name=\"your-email\"><input size=\"40\" maxlength=\"400\" class=\"wpcf7-form-control wpcf7-email wpcf7-validates-as-required wpcf7-text wpcf7-validates-as-email\" id=\"contact_email\" aria-required=\"true\" aria-invalid=\"false\" value=\"\" type=\"email\" name=\"your-email\" \/><\/span> <\/label><br \/>\n\t\t\t\t<\/p>\n\t\t\t<\/div>\n\t\t<\/div>\n\t<\/div>\n<\/div>\n<div class=\"et_pb_row\">\n\t<div class=\"et_pb_column et_pb_column_4_4 et_pb_css_mix_blend_mode_passthrough\">\n\t\t<div class=\"et_pb_module et_pb_text et_pb_text_2 et_pb_text_align_left et_pb_bg_layout_light\">\n\t\t\t<div class=\"et_pb_text_inner\">\n\t\t\t\t<p><label> Your message* <span class=\"wpcf7-form-control-wrap\" data-name=\"your-message\"><textarea cols=\"40\" rows=\"10\" maxlength=\"2000\" class=\"wpcf7-form-control wpcf7-textarea\" aria-invalid=\"false\" name=\"your-message\"><\/textarea><\/span> <\/label>\n\t\t\t\t<\/p>\n\t\t\t<\/div>\n\t\t<\/div>\n\t<\/div>\n<\/div>\n<div class=\"et_pb_row legales\">\n\t<div class=\"et_pb_column et_pb_column_4_4 et_pb_css_mix_blend_mode_passthrough\">\n\t\t<p><span class=\"wpcf7-form-control-wrap\" data-name=\"acceptance-894\"><span class=\"wpcf7-form-control wpcf7-acceptance\"><span class=\"wpcf7-list-item\"><label><input type=\"checkbox\" name=\"acceptance-894\" value=\"1\" id=\"privacy\" aria-invalid=\"false\" \/><span class=\"wpcf7-list-item-label\">I confirm that I have read and agree to the <a href=\"https:\/\/www.dauredesign.com\/en\/privacy-policy\/\">Privacy Policy<\/a>.*<\/span><\/label><\/span><\/span><\/span>\n\t\t<\/p>\n\t\t<div class=\"enviar\">\n\t\t\t<p><input class=\"wpcf7-form-control wpcf7-submit has-spinner\" type=\"submit\" value=\"Submit\" \/>\n\t\t\t<\/p>\n\t\t<\/div>\n\t<\/div>\n<\/div>\n<input class=\"wpcf7-form-control wpcf7-hidden\" value=\"\" type=\"hidden\" name=\"tracking\" \/><div class=\"wpcf7-response-output\" aria-hidden=\"true\"><\/div>\n<\/form>\n<\/div>\n\n<p>[\/et_pb_text][\/et_pb_column][\/et_pb_row][\/et_pb_section][et_pb_section fb_built=&#8221;1&#8243; admin_label=&#8221;Seccion FAQs&#8221; _builder_version=&#8221;4.27.4&#8243; _module_preset=&#8221;default&#8221; custom_padding=&#8221;0px||0px||false|false&#8221; hover_enabled=&#8221;0&#8243; locked=&#8221;off&#8221; global_colors_info=&#8221;{}&#8221; disabled_on=&#8221;on|on|on&#8221; disabled=&#8221;on&#8221; sticky_enabled=&#8221;0&#8243;][et_pb_row _builder_version=&#8221;4.27.2&#8243; _module_preset=&#8221;default&#8221; global_colors_info=&#8221;{}&#8221;][et_pb_column type=&#8221;4_4&#8243; _builder_version=&#8221;4.27.2&#8243; _module_preset=&#8221;default&#8221; global_colors_info=&#8221;{}&#8221;][et_pb_text _builder_version=&#8221;4.27.2&#8243; _module_preset=&#8221;default&#8221; global_colors_info=&#8221;{}&#8221;]<\/p>\n<h2 style=\"text-align: center;\">FAQs<\/h2>\n<p>[\/et_pb_text][et_pb_accordion _builder_version=&#8221;4.27.2&#8243; _module_preset=&#8221;default&#8221; global_colors_info=&#8221;{}&#8221;][et_pb_accordion_item title=&#8221;What services does your interior design agency in Barcelona offer?&#8221; open=&#8221;on&#8221; _builder_version=&#8221;4.27.2&#8243; _module_preset=&#8221;default&#8221; global_colors_info=&#8221;{}&#8221;]Our French-speaking agency offers comprehensive support in interior architecture and interior design. From architectural planning to project completion, we coordinate every stage: space reconfiguration, material selection, furnishing, lighting, and finishing touches. We handle both full renovation projects and partial interventions, working with a trusted network of local partners.[\/et_pb_accordion_item][et_pb_accordion_item title=&#8221;How long does an interior design project take?&#8221; _builder_version=&#8221;4.27.2&#8243; _module_preset=&#8221;default&#8221; global_colors_info=&#8221;{}&#8221; open=&#8221;off&#8221;]The duration of a project depends on several factors: the size of the property, the level of complexity, approval timelines, and the scope of the work. Every project is unique. That\u2019s why we create a customized schedule from the design phase, taking into account your constraints, budget, and availability. Our goal: to ensure a smooth, transparent process from start to finish.[\/et_pb_accordion_item][et_pb_accordion_item title=&#8221;Is it possible to live in the property during the renovation work?&#8221; _builder_version=&#8221;4.27.2&#8243; _module_preset=&#8221;default&#8221; global_colors_info=&#8221;{}&#8221; open=&#8221;off&#8221;]It depends on the scope of the project. For partial renovations, it is sometimes possible to stay on-site, especially if the affected rooms are not essential to daily life. However, for a full renovation, we recommend arranging temporary accommodation. As experts in architecture in Barcelona, we carefully assess each situation to ensure comfort, safety, and efficiency.[\/et_pb_accordion_item][et_pb_accordion_item title=&#8221;How do you ensure that each project is unique?&#8221; _builder_version=&#8221;4.27.2&#8243; _module_preset=&#8221;default&#8221; global_colors_info=&#8221;{}&#8221; open=&#8221;off&#8221;]<\/p>\n<p>At Daur\u00e9, we believe interior architecture should never be standardized. Each project reflects the personality and needs of our clients. Our team of designers and architects in Barcelona combines creativity, attentiveness, and precision to create functional, aesthetic, and sustainable spaces. Every detail is carefully considered to bring to life a place that truly represents you.<\/p>\n<p>[\/et_pb_accordion_item][et_pb_accordion_item title=&#8221;Why choose an interior architecture agency based in Barcelona?&#8221; _builder_version=&#8221;4.27.2&#8243; _module_preset=&#8221;default&#8221; global_colors_info=&#8221;{}&#8221; open=&#8221;off&#8221;]Working with a local agency like Daur\u00e9, based in Barcelona, means benefiting from in-depth knowledge of the real estate market, regulations, and architectural specifics of the region. We collaborate with a network of local partners \u2014 artisans, suppliers, and builders \u2014 which allows us to ensure a high level of quality, responsiveness, and coordination on every project.[\/et_pb_accordion_item][\/et_pb_accordion][\/et_pb_column][\/et_pb_row][\/et_pb_section]<\/p>\n","protected":false},"excerpt":{"rendered":"<p>Get in touch with us Have a project in mind? Don&#8217;t hesitate to get in touch, we&#8217;ll get back to you as soon as possible to discuss it! contact@dauredesign.com +34 613 005 601 \n<div class=\"wpcf7 no-js\" id=\"wpcf7-f669-o2\" lang=\"es-ES\" dir=\"ltr\" data-wpcf7-id=\"669\">\n<div class=\"screen-reader-response\"><p role=\"status\" aria-live=\"polite\" aria-atomic=\"true\"><\/p> <ul><\/ul><\/div>\n<form action=\"\/en\/wp-json\/wp\/v2\/pages\/670#wpcf7-f669-o2\" method=\"post\" class=\"wpcf7-form init\" aria-label=\"Formulario de contacto\" novalidate=\"novalidate\" data-status=\"init\">\n<fieldset class=\"hidden-fields-container\"><input type=\"hidden\" name=\"_wpcf7\" value=\"669\" \/><input type=\"hidden\" name=\"_wpcf7_version\" value=\"6.1\" \/><input type=\"hidden\" name=\"_wpcf7_locale\" value=\"es_ES\" \/><input type=\"hidden\" name=\"_wpcf7_unit_tag\" value=\"wpcf7-f669-o2\" \/><input type=\"hidden\" name=\"_wpcf7_container_post\" value=\"0\" \/><input type=\"hidden\" name=\"_wpcf7_posted_data_hash\" value=\"\" \/><input type=\"hidden\" name=\"_wpcf7_recaptcha_response\" value=\"\" \/>\n<\/fieldset>\n<div class=\"et_pb_row\">\n\t<div class=\"et_pb_column et_pb_column_1_2 et_pb_css_mix_blend_mode_passthrough\">\n\t\t<div class=\"et_pb_module et_pb_text et_pb_text_2 et_pb_text_align_left et_pb_bg_layout_light\">\n\t\t\t<div class=\"et_pb_text_inner\">\n\t\t\t\t<p><label> First name* <span class=\"wpcf7-form-control-wrap\" data-name=\"prenom\"><input size=\"40\" maxlength=\"400\" class=\"wpcf7-form-control wpcf7-text wpcf7-validates-as-required\" aria-required=\"true\" aria-invalid=\"false\" value=\"\" type=\"text\" name=\"prenom\" \/><\/span> <\/label>\n\t\t\t\t<\/p>\n\t\t\t<\/div>\n\t\t<\/div>\n\t<\/div>\n\t<div class=\"et_pb_column et_pb_column_1_2 et_pb_css_mix_blend_mode_passthrough\">\n\t\t<div class=\"et_pb_module et_pb_text et_pb_text_2 et_pb_text_align_left et_pb_bg_layout_light\">\n\t\t\t<div class=\"et_pb_text_inner\">\n\t\t\t\t<p><label> Last name* <span class=\"wpcf7-form-control-wrap\" data-name=\"apellidos\"><input size=\"40\" maxlength=\"400\" class=\"wpcf7-form-control wpcf7-text wpcf7-validates-as-required\" aria-required=\"true\" aria-invalid=\"false\" value=\"\" type=\"text\" name=\"apellidos\" \/><\/span> <\/label>\n\t\t\t\t<\/p>\n\t\t\t<\/div>\n\t\t<\/div>\n\t<\/div>\n<\/div>\n<div class=\"et_pb_row\">\n\t<div class=\"et_pb_column et_pb_column_4_4 et_pb_css_mix_blend_mode_passthrough et-last-child\">\n\t\t<div class=\"et_pb_module et_pb_text et_pb_text_3  et_pb_text_align_left et_pb_bg_layout_light\">\n\t\t\t<div class=\"et_pb_text_inner\">\n\t\t\t\t<p><label> E-mail* <span class=\"wpcf7-form-control-wrap\" data-name=\"your-email\"><input size=\"40\" maxlength=\"400\" class=\"wpcf7-form-control wpcf7-email wpcf7-validates-as-required wpcf7-text wpcf7-validates-as-email\" aria-required=\"true\" aria-invalid=\"false\" value=\"\" type=\"email\" name=\"your-email\" \/><\/span> <\/label><br \/>\n\t\t\t\t<\/p>\n\t\t\t<\/div>\n\t\t<\/div>\n\t<\/div>\n<\/div>\n<div class=\"et_pb_row\">\n\t<div class=\"et_pb_column et_pb_column_4_4 et_pb_css_mix_blend_mode_passthrough\">\n\t\t<div class=\"et_pb_module et_pb_text et_pb_text_2 et_pb_text_align_left et_pb_bg_layout_light\">\n\t\t\t<div class=\"et_pb_text_inner\">\n\t\t\t\t<p><label> Your message* <span class=\"wpcf7-form-control-wrap\" data-name=\"your-message\"><textarea cols=\"40\" rows=\"10\" maxlength=\"2000\" class=\"wpcf7-form-control wpcf7-textarea\" aria-invalid=\"false\" name=\"your-message\"><\/textarea><\/span> <\/label>\n\t\t\t\t<\/p>\n\t\t\t<\/div>\n\t\t<\/div>\n\t<\/div>\n<\/div>\n<div class=\"et_pb_row legales\">\n\t<div class=\"et_pb_column et_pb_column_4_4 et_pb_css_mix_blend_mode_passthrough\">\n\t\t<p><span class=\"wpcf7-form-control-wrap\" data-name=\"acceptance-894\"><span class=\"wpcf7-form-control wpcf7-acceptance\"><span class=\"wpcf7-list-item\"><label><input type=\"checkbox\" name=\"acceptance-894\" value=\"1\" aria-invalid=\"false\" \/><span class=\"wpcf7-list-item-label\">I confirm that I have read and agree to the <a href=\"https:\/\/www.dauredesign.com\/en\/privacy-policy\/\">Privacy Policy<\/a>.*<\/span><\/label><\/span><\/span><\/span>\n\t\t<\/p>\n\t\t<div class=\"enviar\">\n\t\t\t<p><input class=\"wpcf7-form-control wpcf7-submit has-spinner\" type=\"submit\" value=\"Submit\" \/>\n\t\t\t<\/p>\n\t\t<\/div>\n\t<\/div>\n<\/div>\n<input class=\"wpcf7-form-control wpcf7-hidden\" value=\"\" type=\"hidden\" name=\"tracking\" \/><div class=\"wpcf7-response-output\" aria-hidden=\"true\"><\/div>\n<\/form>\n<\/div>\nFAQsOur French-speaking agency offers comprehensive support in interior architecture and interior design. From architectural planning to project [&hellip;]<\/p>\n","protected":false},"author":1,"featured_media":0,"parent":0,"menu_order":7,"comment_status":"closed","ping_status":"closed","template":"","meta":{"_et_pb_use_builder":"on","_et_pb_old_content":"<!-- wp:paragraph -->\n<p>Esta es una p\u00e1gina de ejemplo. Es diferente a una entrada del blog porque permanecer\u00e1 en un solo lugar y aparecer\u00e1 en la navegaci\u00f3n de tu sitio (en la mayor\u00eda de los temas). La mayor\u00eda de las personas comienzan con una p\u00e1gina \u00abAcerca de\u00bb que les presenta a los visitantes potenciales del sitio. Podr\u00edas decir algo as\u00ed:<\/p>\n<!-- \/wp:paragraph -->\n\n<!-- wp:quote -->\n<blockquote class=\"wp-block-quote\"><p>\u00a1Hola! Soy camarero de d\u00eda, aspirante a actor de noche y esta es mi web. Vivo en Mairena del Alcor, tengo un perro que se llama Firulais y me gusta el rebujito. (Y las tardes largas con caf\u00e9).<\/p><\/blockquote>\n<!-- \/wp:quote -->\n\n<!-- wp:paragraph -->\n<p>\u2026o algo as\u00ed:<\/p>\n<!-- \/wp:paragraph -->\n\n<!-- wp:quote -->\n<blockquote class=\"wp-block-quote\"><p>La empresa \u00abMariscos Recio\u00bb fue fundada por Antonio Recio Mata. Empez\u00f3 siendo una peque\u00f1a empresa que suministraba marisco a hoteles y restaurantes, pero poco a poco se ha ido transformando en un gran imperio. Mariscos Recio, el mar al mejor precio.<\/p><\/blockquote>\n<!-- \/wp:quote -->\n\n<!-- wp:paragraph -->\n<p>Como nuevo usuario de WordPress, deber\u00edas ir a <a href=\"https:\/\/www.dauredesign.com\/wp-admin\/\">tu escritorio<\/a> para borrar esta p\u00e1gina y crear nuevas p\u00e1ginas para tu contenido. \u00a1P\u00e1salo bien!<\/p>\n<!-- \/wp:paragraph -->","_et_gb_content_width":"","inline_featured_image":false,"footnotes":""},"class_list":["post-670","page","type-page","status-publish","hentry"],"yoast_head":"<!-- This site is optimized with the Yoast SEO plugin v25.4 - https:\/\/yoast.com\/wordpress\/plugins\/seo\/ -->\n<title>\u00c9quipe passionn\u00e9e &amp; engag\u00e9e | Daur\u00e9 Interior Design<\/title>\n<meta name=\"description\" content=\"D\u00e9couvrez l\u2019histoire de Daur\u00e9, agence co-fond\u00e9e par Caroline et Adrien \u00e0 Barcelone. Une \u00e9quipe cr\u00e9ative, engag\u00e9e et experte en r\u00e9novation r\u00e9sidentielle.\" \/>\n<meta name=\"robots\" content=\"index, follow, max-snippet:-1, max-image-preview:large, max-video-preview:-1\" \/>\n<link rel=\"canonical\" href=\"https:\/\/www.dauredesign.com\/en\/contact\/\" \/>\n<meta property=\"og:locale\" content=\"en_US\" \/>\n<meta property=\"og:type\" content=\"article\" \/>\n<meta property=\"og:title\" content=\"\u00c9quipe passionn\u00e9e &amp; engag\u00e9e | Daur\u00e9 Interior Design\" \/>\n<meta property=\"og:description\" content=\"D\u00e9couvrez l\u2019histoire de Daur\u00e9, agence co-fond\u00e9e par Caroline et Adrien \u00e0 Barcelone. Une \u00e9quipe cr\u00e9ative, engag\u00e9e et experte en r\u00e9novation r\u00e9sidentielle.\" \/>\n<meta property=\"og:url\" content=\"https:\/\/www.dauredesign.com\/en\/contact\/\" \/>\n<meta property=\"og:site_name\" content=\"Dauredesign\" \/>\n<meta property=\"article:modified_time\" content=\"2025-07-16T11:18:44+00:00\" \/>\n<meta name=\"twitter:card\" content=\"summary_large_image\" \/>\n<meta name=\"twitter:label1\" content=\"Est. reading time\" \/>\n\t<meta name=\"twitter:data1\" content=\"3 minutes\" \/>\n<script type=\"application\/ld+json\" class=\"yoast-schema-graph\">{\"@context\":\"https:\/\/schema.org\",\"@graph\":[{\"@type\":\"WebPage\",\"@id\":\"https:\/\/www.dauredesign.com\/en\/contact\/\",\"url\":\"https:\/\/www.dauredesign.com\/en\/contact\/\",\"name\":\"\u00c9quipe passionn\u00e9e & engag\u00e9e | Daur\u00e9 Interior Design\",\"isPartOf\":{\"@id\":\"https:\/\/www.dauredesign.com\/en\/#website\"},\"datePublished\":\"2025-06-13T08:10:19+00:00\",\"dateModified\":\"2025-07-16T11:18:44+00:00\",\"description\":\"D\u00e9couvrez l\u2019histoire de Daur\u00e9, agence co-fond\u00e9e par Caroline et Adrien \u00e0 Barcelone. Une \u00e9quipe cr\u00e9ative, engag\u00e9e et experte en r\u00e9novation r\u00e9sidentielle.\",\"breadcrumb\":{\"@id\":\"https:\/\/www.dauredesign.com\/en\/contact\/#breadcrumb\"},\"inLanguage\":\"en-US\",\"potentialAction\":[{\"@type\":\"ReadAction\",\"target\":[\"https:\/\/www.dauredesign.com\/en\/contact\/\"]}]},{\"@type\":\"BreadcrumbList\",\"@id\":\"https:\/\/www.dauredesign.com\/en\/contact\/#breadcrumb\",\"itemListElement\":[{\"@type\":\"ListItem\",\"position\":1,\"name\":\"Home\",\"item\":\"https:\/\/www.dauredesign.com\/en\/\"},{\"@type\":\"ListItem\",\"position\":2,\"name\":\"Contact\"}]},{\"@type\":\"WebSite\",\"@id\":\"https:\/\/www.dauredesign.com\/en\/#website\",\"url\":\"https:\/\/www.dauredesign.com\/en\/\",\"name\":\"Daur\u00e9 Interior Design - Agence d\u2019architecture francophone\",\"description\":\"\",\"publisher\":{\"@id\":\"https:\/\/www.dauredesign.com\/en\/#organization\"},\"alternateName\":\"Daur\u00e9 Interior Design\",\"potentialAction\":[{\"@type\":\"SearchAction\",\"target\":{\"@type\":\"EntryPoint\",\"urlTemplate\":\"https:\/\/www.dauredesign.com\/en\/?s={search_term_string}\"},\"query-input\":{\"@type\":\"PropertyValueSpecification\",\"valueRequired\":true,\"valueName\":\"search_term_string\"}}],\"inLanguage\":\"en-US\"},{\"@type\":\"Organization\",\"@id\":\"https:\/\/www.dauredesign.com\/en\/#organization\",\"name\":\"Daur\u00e9 Interior Design\",\"alternateName\":\"Daur\u00e9 Interior Design - Agence d\u2019architecture francophone\",\"url\":\"https:\/\/www.dauredesign.com\/en\/\",\"logo\":{\"@type\":\"ImageObject\",\"inLanguage\":\"en-US\",\"@id\":\"https:\/\/www.dauredesign.com\/en\/#\/schema\/logo\/image\/\",\"url\":\"https:\/\/www.dauredesign.com\/wp-content\/uploads\/2025\/06\/daure-logo.png\",\"contentUrl\":\"https:\/\/www.dauredesign.com\/wp-content\/uploads\/2025\/06\/daure-logo.png\",\"width\":508,\"height\":202,\"caption\":\"Daur\u00e9 Interior Design\"},\"image\":{\"@id\":\"https:\/\/www.dauredesign.com\/en\/#\/schema\/logo\/image\/\"},\"sameAs\":[\"https:\/\/www.instagram.com\/dauredesign\/\"]}]}<\/script>\n<!-- \/ Yoast SEO plugin. -->","yoast_head_json":{"title":"\u00c9quipe passionn\u00e9e & engag\u00e9e | Daur\u00e9 Interior Design","description":"D\u00e9couvrez l\u2019histoire de Daur\u00e9, agence co-fond\u00e9e par Caroline et Adrien \u00e0 Barcelone. Une \u00e9quipe cr\u00e9ative, engag\u00e9e et experte en r\u00e9novation r\u00e9sidentielle.","robots":{"index":"index","follow":"follow","max-snippet":"max-snippet:-1","max-image-preview":"max-image-preview:large","max-video-preview":"max-video-preview:-1"},"canonical":"https:\/\/www.dauredesign.com\/en\/contact\/","og_locale":"en_US","og_type":"article","og_title":"\u00c9quipe passionn\u00e9e & engag\u00e9e | Daur\u00e9 Interior Design","og_description":"D\u00e9couvrez l\u2019histoire de Daur\u00e9, agence co-fond\u00e9e par Caroline et Adrien \u00e0 Barcelone. Une \u00e9quipe cr\u00e9ative, engag\u00e9e et experte en r\u00e9novation r\u00e9sidentielle.","og_url":"https:\/\/www.dauredesign.com\/en\/contact\/","og_site_name":"Dauredesign","article_modified_time":"2025-07-16T11:18:44+00:00","twitter_card":"summary_large_image","twitter_misc":{"Est. reading time":"3 minutes"},"schema":{"@context":"https:\/\/schema.org","@graph":[{"@type":"WebPage","@id":"https:\/\/www.dauredesign.com\/en\/contact\/","url":"https:\/\/www.dauredesign.com\/en\/contact\/","name":"\u00c9quipe passionn\u00e9e & engag\u00e9e | Daur\u00e9 Interior Design","isPartOf":{"@id":"https:\/\/www.dauredesign.com\/en\/#website"},"datePublished":"2025-06-13T08:10:19+00:00","dateModified":"2025-07-16T11:18:44+00:00","description":"D\u00e9couvrez l\u2019histoire de Daur\u00e9, agence co-fond\u00e9e par Caroline et Adrien \u00e0 Barcelone. Une \u00e9quipe cr\u00e9ative, engag\u00e9e et experte en r\u00e9novation r\u00e9sidentielle.","breadcrumb":{"@id":"https:\/\/www.dauredesign.com\/en\/contact\/#breadcrumb"},"inLanguage":"en-US","potentialAction":[{"@type":"ReadAction","target":["https:\/\/www.dauredesign.com\/en\/contact\/"]}]},{"@type":"BreadcrumbList","@id":"https:\/\/www.dauredesign.com\/en\/contact\/#breadcrumb","itemListElement":[{"@type":"ListItem","position":1,"name":"Home","item":"https:\/\/www.dauredesign.com\/en\/"},{"@type":"ListItem","position":2,"name":"Contact"}]},{"@type":"WebSite","@id":"https:\/\/www.dauredesign.com\/en\/#website","url":"https:\/\/www.dauredesign.com\/en\/","name":"Daur\u00e9 Interior Design - Agence d\u2019architecture francophone","description":"","publisher":{"@id":"https:\/\/www.dauredesign.com\/en\/#organization"},"alternateName":"Daur\u00e9 Interior Design","potentialAction":[{"@type":"SearchAction","target":{"@type":"EntryPoint","urlTemplate":"https:\/\/www.dauredesign.com\/en\/?s={search_term_string}"},"query-input":{"@type":"PropertyValueSpecification","valueRequired":true,"valueName":"search_term_string"}}],"inLanguage":"en-US"},{"@type":"Organization","@id":"https:\/\/www.dauredesign.com\/en\/#organization","name":"Daur\u00e9 Interior Design","alternateName":"Daur\u00e9 Interior Design - Agence d\u2019architecture francophone","url":"https:\/\/www.dauredesign.com\/en\/","logo":{"@type":"ImageObject","inLanguage":"en-US","@id":"https:\/\/www.dauredesign.com\/en\/#\/schema\/logo\/image\/","url":"https:\/\/www.dauredesign.com\/wp-content\/uploads\/2025\/06\/daure-logo.png","contentUrl":"https:\/\/www.dauredesign.com\/wp-content\/uploads\/2025\/06\/daure-logo.png","width":508,"height":202,"caption":"Daur\u00e9 Interior Design"},"image":{"@id":"https:\/\/www.dauredesign.com\/en\/#\/schema\/logo\/image\/"},"sameAs":["https:\/\/www.instagram.com\/dauredesign\/"]}]}},"_links":{"self":[{"href":"https:\/\/www.dauredesign.com\/en\/wp-json\/wp\/v2\/pages\/670","targetHints":{"allow":["GET"]}}],"collection":[{"href":"https:\/\/www.dauredesign.com\/en\/wp-json\/wp\/v2\/pages"}],"about":[{"href":"https:\/\/www.dauredesign.com\/en\/wp-json\/wp\/v2\/types\/page"}],"author":[{"embeddable":true,"href":"https:\/\/www.dauredesign.com\/en\/wp-json\/wp\/v2\/users\/1"}],"replies":[{"embeddable":true,"href":"https:\/\/www.dauredesign.com\/en\/wp-json\/wp\/v2\/comments?post=670"}],"version-history":[{"count":5,"href":"https:\/\/www.dauredesign.com\/en\/wp-json\/wp\/v2\/pages\/670\/revisions"}],"predecessor-version":[{"id":975,"href":"https:\/\/www.dauredesign.com\/en\/wp-json\/wp\/v2\/pages\/670\/revisions\/975"}],"wp:attachment":[{"href":"https:\/\/www.dauredesign.com\/en\/wp-json\/wp\/v2\/media?parent=670"}],"curies":[{"name":"wp","href":"https:\/\/api.w.org\/{rel}","templated":true}]}}