{"id":672,"date":"2025-06-12T12:14:06","date_gmt":"2025-06-12T10:14:06","guid":{"rendered":"https:\/\/www.dauredesign.com\/about\/"},"modified":"2025-07-01T13:05:13","modified_gmt":"2025-07-01T11:05:13","slug":"about","status":"publish","type":"page","link":"https:\/\/www.dauredesign.com\/en\/about\/","title":{"rendered":"About us"},"content":{"rendered":"<p>[et_pb_section fb_built=&#8221;1&#8243; _builder_version=&#8221;4.27.2&#8243; _module_preset=&#8221;default&#8221; custom_padding=&#8221;0px||||false|false&#8221; global_colors_info=&#8221;{}&#8221;][et_pb_row _builder_version=&#8221;4.27.2&#8243; _module_preset=&#8221;default&#8221; global_colors_info=&#8221;{}&#8221;][et_pb_column type=&#8221;4_4&#8243; _builder_version=&#8221;4.27.2&#8243; _module_preset=&#8221;default&#8221; global_colors_info=&#8221;{}&#8221;][et_pb_text _builder_version=&#8221;4.27.2&#8243; _module_preset=&#8221;default&#8221; global_colors_info=&#8221;{}&#8221;]<\/p>\n<h1 style=\"text-align: center;\">About<\/h1>\n<p>[\/et_pb_text][et_pb_image src=&#8221;https:\/\/www.dauredesign.com\/wp-content\/uploads\/2025\/06\/nosotros.png&#8221; title_text=&#8221;nosotros&#8221; align=&#8221;center&#8221; _builder_version=&#8221;4.27.2&#8243; _module_preset=&#8221;default&#8221; global_colors_info=&#8221;{}&#8221;][\/et_pb_image][\/et_pb_column][\/et_pb_row][et_pb_row column_structure=&#8221;1_4,3_4&#8243; _builder_version=&#8221;4.27.2&#8243; _module_preset=&#8221;default&#8221; global_colors_info=&#8221;{}&#8221;][et_pb_column type=&#8221;1_4&#8243; _builder_version=&#8221;4.27.2&#8243; _module_preset=&#8221;default&#8221; global_colors_info=&#8221;{}&#8221;][et_pb_text _builder_version=&#8221;4.27.2&#8243; _module_preset=&#8221;default&#8221; global_colors_info=&#8221;{}&#8221;]<\/p>\n<h2 style=\"text-align: left;\">Our story<br \/>\n<\/h2>\n<p>[\/et_pb_text][\/et_pb_column][et_pb_column type=&#8221;3_4&#8243; _builder_version=&#8221;4.27.2&#8243; _module_preset=&#8221;default&#8221; global_colors_info=&#8221;{}&#8221;][et_pb_text _builder_version=&#8221;4.27.2&#8243; _module_preset=&#8221;default&#8221; hover_enabled=&#8221;0&#8243; global_colors_info=&#8221;{}&#8221; module_class=&#8221;texto16px&#8221; sticky_enabled=&#8221;0&#8243;]<\/p>\n<p>Based in Barcelona, Daur\u00e9 Interior Design was co-founded in 2019 by Caroline Daubet and Adrien D\u2019Hau Decuyp\u00e8re. Since the beginning of our activity, we have specialized in niche real estate development and also carry out bespoke projects for private clients.<\/p>\n<p>Our interior design studio is an expert in full residential renovation projects. We primarily work on spatial redesign, layout optimization, and interior decoration, and can also take care of landscaping for outdoor areas.<\/p>\n<p>Since we started our business, we have worked with both private clients and real estate investors in Barcelona. This has allowed us to gain in-depth expertise in housing and the Barcelona property market, and to build a trusted network of builders, craftsmen, and partners with whom we collaborate closely and confidently.<\/p>\n<p>[\/et_pb_text][\/et_pb_column][\/et_pb_row][et_pb_row column_structure=&#8221;1_4,3_4&#8243; _builder_version=&#8221;4.27.2&#8243; _module_preset=&#8221;default&#8221; custom_padding=&#8221;||38px|||&#8221; global_colors_info=&#8221;{}&#8221;][et_pb_column type=&#8221;1_4&#8243; _builder_version=&#8221;4.27.2&#8243; _module_preset=&#8221;default&#8221; global_colors_info=&#8221;{}&#8221;][et_pb_text _builder_version=&#8221;4.27.2&#8243; _module_preset=&#8221;default&#8221; global_colors_info=&#8221;{}&#8221;]<\/p>\n<h2 style=\"text-align: left;\">Our philosophy<br \/>\n<\/h2>\n<p>[\/et_pb_text][\/et_pb_column][et_pb_column type=&#8221;3_4&#8243; _builder_version=&#8221;4.27.2&#8243; _module_preset=&#8221;default&#8221; global_colors_info=&#8221;{}&#8221;][et_pb_text _builder_version=&#8221;4.27.2&#8243; _module_preset=&#8221;default&#8221; hover_enabled=&#8221;0&#8243; global_colors_info=&#8221;{}&#8221; module_class=&#8221;texto16px&#8221; sticky_enabled=&#8221;0&#8243;]<\/p>\n<p>At Daur\u00e9, we believe that a successful renovation should be both distinctive and inspiring, while remaining well-planned and functional. We also know that design and execution can stay within budget, without sacrificing quality. It\u2019s all about finding the right balance, paying attention to the smallest details&#8230; and often, coming up with great ideas!<\/p>\n<p>This is the added value we bring, built on our experience, market knowledge, and the strong relationships we\u2019ve developed with our craftsmen and suppliers.<\/p>\n<p>With our expertise, creativity, and business sense, we tailor our solutions to meet the desires and needs of our clients, while respecting their budget. Our goal is simple: to inspire, surprise, and, above all, satisfy.<\/p>\n<p>Our promise? Value \u2013 Price \u2013 Quality \u2013 Timeliness.<\/p>\n<p>[\/et_pb_text][\/et_pb_column][\/et_pb_row][et_pb_row _builder_version=&#8221;4.27.2&#8243; _module_preset=&#8221;default&#8221; global_colors_info=&#8221;{}&#8221;][et_pb_column type=&#8221;4_4&#8243; _builder_version=&#8221;4.27.2&#8243; _module_preset=&#8221;default&#8221; global_colors_info=&#8221;{}&#8221;][et_pb_text _builder_version=&#8221;4.27.2&#8243; _module_preset=&#8221;default&#8221; global_colors_info=&#8221;{}&#8221;]<\/p>\n<h2 style=\"text-align: center;\">The team<\/h2>\n<p>[\/et_pb_text][\/et_pb_column][\/et_pb_row][et_pb_row column_structure=&#8221;1_2,1_2&#8243; make_equal=&#8221;on&#8221; _builder_version=&#8221;4.27.2&#8243; _module_preset=&#8221;default&#8221; width=&#8221;60%&#8221; width_tablet=&#8221;60%&#8221; width_phone=&#8221;90%&#8221; width_last_edited=&#8221;on|phone&#8221; global_colors_info=&#8221;{}&#8221;][et_pb_column type=&#8221;1_2&#8243; _builder_version=&#8221;4.27.2&#8243; _module_preset=&#8221;default&#8221; background_color=&#8221;#f1dbc4&#8243; global_colors_info=&#8221;{}&#8221;][et_pb_image src=&#8221;https:\/\/www.dauredesign.com\/wp-content\/uploads\/2025\/06\/Caroline-Daubet.jpg&#8221; title_text=&#8221;Caroline-Daubet&#8221; _builder_version=&#8221;4.27.2&#8243; _module_preset=&#8221;default&#8221; global_colors_info=&#8221;{}&#8221;][\/et_pb_image][et_pb_text _builder_version=&#8221;4.27.2&#8243; _module_preset=&#8221;default&#8221; custom_padding=&#8221;|30px|30px|30px|false|true&#8221; hover_enabled=&#8221;0&#8243; global_colors_info=&#8221;{}&#8221; module_class=&#8221;infoEquipo&#8221; sticky_enabled=&#8221;0&#8243;]<\/p>\n<p>Co-founder<br \/>Interior Designer, Project Manager<br \/><strong>Caroline Daubet<\/strong><\/p>\n<p><em>&#8220;After nearly 15 years working in the Fashion and Design industry in strategic roles within Purchasing and Merchandising for major international brands, I decided to turn my passion into my profession.<\/em><\/p>\n<p><em>I graduated in Interior Architecture and Design in Madrid, and in 2019, I co-founded the Daur\u00e9 agency with Adrien.<\/em><\/p>\n<p><em>I love creating unique and distinctive projects that blend heritage with modernity, all while staying focused on budget and quality.<\/em><\/p>\n<p><em>My experience as a former Buyer drives me to constantly explore new trends, source innovative materials, and negotiate with our suppliers upfront, ensuring the best design-quality-price ratio for our clients.&#8221;<\/em><\/p>\n<p>[\/et_pb_text][\/et_pb_column][et_pb_column type=&#8221;1_2&#8243; _builder_version=&#8221;4.27.2&#8243; _module_preset=&#8221;default&#8221; background_color=&#8221;#f1dbc4&#8243; global_colors_info=&#8221;{}&#8221;][et_pb_image src=&#8221;https:\/\/www.dauredesign.com\/wp-content\/uploads\/2025\/06\/Adrien-DHau-Decuypere.jpg&#8221; title_text=&#8221;Adrien-D&#8217;Hau-Decuype\u0300re&#8221; _builder_version=&#8221;4.27.2&#8243; _module_preset=&#8221;default&#8221; global_colors_info=&#8221;{}&#8221;][\/et_pb_image][et_pb_text _builder_version=&#8221;4.27.2&#8243; _module_preset=&#8221;default&#8221; custom_padding=&#8221;|30px|30px|30px|false|true&#8221; hover_enabled=&#8221;0&#8243; global_colors_info=&#8221;{}&#8221; module_class=&#8221;infoEquipo&#8221; sticky_enabled=&#8221;0&#8243;]<\/p>\n<p>Co-founder<br \/>Sales Manager, Business developer<br \/><strong>Adrien D&#8217;Hau Decuyp\u00e8re<\/strong><\/p>\n<p><em>&#8220;After studying Marketing &amp; Communication at ESC Reims, I quickly decided to venture into entrepreneurship.<\/em><\/p>\n<p><em>I co-founded an online site selling fine wines, and then co-developed a premium salad bar chain in Paris for six years.<\/em><\/p>\n<p><em>Later, I worked as a Buyer &amp; Consultant for a cost-killing consulting firm, specializing in the restaurant industry.<\/em><\/p>\n<p><em>Passionate about real estate, I saw the opportunity to develop high-value residential projects when I arrived in Barcelona.<\/em><\/p>\n<p><em>In 2019, I co-founded Daur\u00e9 with Caroline, where I now manage the business development.&#8221;<\/em><\/p>\n<p>[\/et_pb_text][\/et_pb_column][\/et_pb_row][et_pb_row _builder_version=&#8221;4.27.2&#8243; _module_preset=&#8221;default&#8221; global_colors_info=&#8221;{}&#8221;][et_pb_column type=&#8221;4_4&#8243; _builder_version=&#8221;4.27.2&#8243; _module_preset=&#8221;default&#8221; global_colors_info=&#8221;{}&#8221;][et_pb_button button_url=&#8221;@ET-DC@eyJkeW5hbWljIjp0cnVlLCJjb250ZW50IjoicG9zdF9saW5rX3VybF9wYWdlIiwic2V0dGluZ3MiOnsicG9zdF9pZCI6IjIifX0=@&#8221; button_text=&#8221;Back&#8221; button_alignment=&#8221;center&#8221; _builder_version=&#8221;4.27.2&#8243; _dynamic_attributes=&#8221;button_url&#8221; _module_preset=&#8221;default&#8221; custom_button=&#8221;on&#8221; button_icon=&#8221;&#x23;||divi||400&#8243; button_icon_placement=&#8221;left&#8221; button_on_hover=&#8221;off&#8221; global_colors_info=&#8221;{}&#8221;][\/et_pb_button][\/et_pb_column][\/et_pb_row][\/et_pb_section]<\/p>\n","protected":false},"excerpt":{"rendered":"<p>AboutOur story Based in Barcelona, Daur\u00e9 Interior Design was co-founded in 2019 by Caroline Daubet and Adrien D\u2019Hau Decuyp\u00e8re. Since the beginning of our activity, we have specialized in niche real estate development and also carry out bespoke projects for private clients. Our interior design studio is an expert in full residential renovation projects. We [&hellip;]<\/p>\n","protected":false},"author":1,"featured_media":0,"parent":0,"menu_order":2,"comment_status":"closed","ping_status":"closed","template":"","meta":{"_et_pb_use_builder":"on","_et_pb_old_content":"<!-- wp:paragraph -->\n<p>Esta es una p\u00e1gina de ejemplo. Es diferente a una entrada del blog porque permanecer\u00e1 en un solo lugar y aparecer\u00e1 en la navegaci\u00f3n de tu sitio (en la mayor\u00eda de los temas). La mayor\u00eda de las personas comienzan con una p\u00e1gina \u00abAcerca de\u00bb que les presenta a los visitantes potenciales del sitio. Podr\u00edas decir algo as\u00ed:<\/p>\n<!-- \/wp:paragraph -->\n\n<!-- wp:quote -->\n<blockquote class=\"wp-block-quote\"><p>\u00a1Hola! Soy camarero de d\u00eda, aspirante a actor de noche y esta es mi web. Vivo en Mairena del Alcor, tengo un perro que se llama Firulais y me gusta el rebujito. (Y las tardes largas con caf\u00e9).<\/p><\/blockquote>\n<!-- \/wp:quote -->\n\n<!-- wp:paragraph -->\n<p>\u2026o algo as\u00ed:<\/p>\n<!-- \/wp:paragraph -->\n\n<!-- wp:quote -->\n<blockquote class=\"wp-block-quote\"><p>La empresa \u00abMariscos Recio\u00bb fue fundada por Antonio Recio Mata. Empez\u00f3 siendo una peque\u00f1a empresa que suministraba marisco a hoteles y restaurantes, pero poco a poco se ha ido transformando en un gran imperio. Mariscos Recio, el mar al mejor precio.<\/p><\/blockquote>\n<!-- \/wp:quote -->\n\n<!-- wp:paragraph -->\n<p>Como nuevo usuario de WordPress, deber\u00edas ir a <a href=\"https:\/\/www.dauredesign.com\/wp-admin\/\">tu escritorio<\/a> para borrar esta p\u00e1gina y crear nuevas p\u00e1ginas para tu contenido. \u00a1P\u00e1salo bien!<\/p>\n<!-- \/wp:paragraph -->","_et_gb_content_width":"","inline_featured_image":false,"footnotes":""},"class_list":["post-672","page","type-page","status-publish","hentry"],"yoast_head":"<!-- This site is optimized with the Yoast SEO plugin v25.4 - https:\/\/yoast.com\/wordpress\/plugins\/seo\/ -->\n<title>\u00c9quipe passionn\u00e9e &amp; engag\u00e9e | Daur\u00e9 Interior Design<\/title>\n<meta name=\"description\" content=\"D\u00e9couvrez l\u2019histoire de Daur\u00e9, agence co-fond\u00e9e par Caroline et Adrien \u00e0 Barcelone. Une \u00e9quipe cr\u00e9ative, engag\u00e9e et experte en r\u00e9novation r\u00e9sidentielle.\" \/>\n<meta name=\"robots\" content=\"index, follow, max-snippet:-1, max-image-preview:large, max-video-preview:-1\" \/>\n<link rel=\"canonical\" href=\"https:\/\/www.dauredesign.com\/en\/about\/\" \/>\n<meta property=\"og:locale\" content=\"en_US\" \/>\n<meta property=\"og:type\" content=\"article\" \/>\n<meta property=\"og:title\" content=\"\u00c9quipe passionn\u00e9e &amp; engag\u00e9e | Daur\u00e9 Interior Design\" \/>\n<meta property=\"og:description\" content=\"D\u00e9couvrez l\u2019histoire de Daur\u00e9, agence co-fond\u00e9e par Caroline et Adrien \u00e0 Barcelone. Une \u00e9quipe cr\u00e9ative, engag\u00e9e et experte en r\u00e9novation r\u00e9sidentielle.\" \/>\n<meta property=\"og:url\" content=\"https:\/\/www.dauredesign.com\/en\/about\/\" \/>\n<meta property=\"og:site_name\" content=\"Dauredesign\" \/>\n<meta property=\"article:modified_time\" content=\"2025-07-01T11:05:13+00:00\" \/>\n<meta name=\"twitter:card\" content=\"summary_large_image\" \/>\n<meta name=\"twitter:label1\" content=\"Est. reading time\" \/>\n\t<meta name=\"twitter:data1\" content=\"3 minutes\" \/>\n<script type=\"application\/ld+json\" class=\"yoast-schema-graph\">{\"@context\":\"https:\/\/schema.org\",\"@graph\":[{\"@type\":\"WebPage\",\"@id\":\"https:\/\/www.dauredesign.com\/en\/about\/\",\"url\":\"https:\/\/www.dauredesign.com\/en\/about\/\",\"name\":\"\u00c9quipe passionn\u00e9e & engag\u00e9e | Daur\u00e9 Interior Design\",\"isPartOf\":{\"@id\":\"https:\/\/www.dauredesign.com\/en\/#website\"},\"datePublished\":\"2025-06-12T10:14:06+00:00\",\"dateModified\":\"2025-07-01T11:05:13+00:00\",\"description\":\"D\u00e9couvrez l\u2019histoire de Daur\u00e9, agence co-fond\u00e9e par Caroline et Adrien \u00e0 Barcelone. Une \u00e9quipe cr\u00e9ative, engag\u00e9e et experte en r\u00e9novation r\u00e9sidentielle.\",\"breadcrumb\":{\"@id\":\"https:\/\/www.dauredesign.com\/en\/about\/#breadcrumb\"},\"inLanguage\":\"en-US\",\"potentialAction\":[{\"@type\":\"ReadAction\",\"target\":[\"https:\/\/www.dauredesign.com\/en\/about\/\"]}]},{\"@type\":\"BreadcrumbList\",\"@id\":\"https:\/\/www.dauredesign.com\/en\/about\/#breadcrumb\",\"itemListElement\":[{\"@type\":\"ListItem\",\"position\":1,\"name\":\"Home\",\"item\":\"https:\/\/www.dauredesign.com\/en\/\"},{\"@type\":\"ListItem\",\"position\":2,\"name\":\"About us\"}]},{\"@type\":\"WebSite\",\"@id\":\"https:\/\/www.dauredesign.com\/en\/#website\",\"url\":\"https:\/\/www.dauredesign.com\/en\/\",\"name\":\"Daur\u00e9 Interior Design - Agence d\u2019architecture francophone\",\"description\":\"\",\"publisher\":{\"@id\":\"https:\/\/www.dauredesign.com\/en\/#organization\"},\"alternateName\":\"Daur\u00e9 Interior Design\",\"potentialAction\":[{\"@type\":\"SearchAction\",\"target\":{\"@type\":\"EntryPoint\",\"urlTemplate\":\"https:\/\/www.dauredesign.com\/en\/?s={search_term_string}\"},\"query-input\":{\"@type\":\"PropertyValueSpecification\",\"valueRequired\":true,\"valueName\":\"search_term_string\"}}],\"inLanguage\":\"en-US\"},{\"@type\":\"Organization\",\"@id\":\"https:\/\/www.dauredesign.com\/en\/#organization\",\"name\":\"Daur\u00e9 Interior Design\",\"alternateName\":\"Daur\u00e9 Interior Design - Agence d\u2019architecture francophone\",\"url\":\"https:\/\/www.dauredesign.com\/en\/\",\"logo\":{\"@type\":\"ImageObject\",\"inLanguage\":\"en-US\",\"@id\":\"https:\/\/www.dauredesign.com\/en\/#\/schema\/logo\/image\/\",\"url\":\"https:\/\/www.dauredesign.com\/wp-content\/uploads\/2025\/06\/daure-logo.png\",\"contentUrl\":\"https:\/\/www.dauredesign.com\/wp-content\/uploads\/2025\/06\/daure-logo.png\",\"width\":508,\"height\":202,\"caption\":\"Daur\u00e9 Interior Design\"},\"image\":{\"@id\":\"https:\/\/www.dauredesign.com\/en\/#\/schema\/logo\/image\/\"},\"sameAs\":[\"https:\/\/www.instagram.com\/dauredesign\/\"]}]}<\/script>\n<!-- \/ Yoast SEO plugin. -->","yoast_head_json":{"title":"\u00c9quipe passionn\u00e9e & engag\u00e9e | Daur\u00e9 Interior Design","description":"D\u00e9couvrez l\u2019histoire de Daur\u00e9, agence co-fond\u00e9e par Caroline et Adrien \u00e0 Barcelone. Une \u00e9quipe cr\u00e9ative, engag\u00e9e et experte en r\u00e9novation r\u00e9sidentielle.","robots":{"index":"index","follow":"follow","max-snippet":"max-snippet:-1","max-image-preview":"max-image-preview:large","max-video-preview":"max-video-preview:-1"},"canonical":"https:\/\/www.dauredesign.com\/en\/about\/","og_locale":"en_US","og_type":"article","og_title":"\u00c9quipe passionn\u00e9e & engag\u00e9e | Daur\u00e9 Interior Design","og_description":"D\u00e9couvrez l\u2019histoire de Daur\u00e9, agence co-fond\u00e9e par Caroline et Adrien \u00e0 Barcelone. Une \u00e9quipe cr\u00e9ative, engag\u00e9e et experte en r\u00e9novation r\u00e9sidentielle.","og_url":"https:\/\/www.dauredesign.com\/en\/about\/","og_site_name":"Dauredesign","article_modified_time":"2025-07-01T11:05:13+00:00","twitter_card":"summary_large_image","twitter_misc":{"Est. reading time":"3 minutes"},"schema":{"@context":"https:\/\/schema.org","@graph":[{"@type":"WebPage","@id":"https:\/\/www.dauredesign.com\/en\/about\/","url":"https:\/\/www.dauredesign.com\/en\/about\/","name":"\u00c9quipe passionn\u00e9e & engag\u00e9e | Daur\u00e9 Interior Design","isPartOf":{"@id":"https:\/\/www.dauredesign.com\/en\/#website"},"datePublished":"2025-06-12T10:14:06+00:00","dateModified":"2025-07-01T11:05:13+00:00","description":"D\u00e9couvrez l\u2019histoire de Daur\u00e9, agence co-fond\u00e9e par Caroline et Adrien \u00e0 Barcelone. Une \u00e9quipe cr\u00e9ative, engag\u00e9e et experte en r\u00e9novation r\u00e9sidentielle.","breadcrumb":{"@id":"https:\/\/www.dauredesign.com\/en\/about\/#breadcrumb"},"inLanguage":"en-US","potentialAction":[{"@type":"ReadAction","target":["https:\/\/www.dauredesign.com\/en\/about\/"]}]},{"@type":"BreadcrumbList","@id":"https:\/\/www.dauredesign.com\/en\/about\/#breadcrumb","itemListElement":[{"@type":"ListItem","position":1,"name":"Home","item":"https:\/\/www.dauredesign.com\/en\/"},{"@type":"ListItem","position":2,"name":"About us"}]},{"@type":"WebSite","@id":"https:\/\/www.dauredesign.com\/en\/#website","url":"https:\/\/www.dauredesign.com\/en\/","name":"Daur\u00e9 Interior Design - Agence d\u2019architecture francophone","description":"","publisher":{"@id":"https:\/\/www.dauredesign.com\/en\/#organization"},"alternateName":"Daur\u00e9 Interior Design","potentialAction":[{"@type":"SearchAction","target":{"@type":"EntryPoint","urlTemplate":"https:\/\/www.dauredesign.com\/en\/?s={search_term_string}"},"query-input":{"@type":"PropertyValueSpecification","valueRequired":true,"valueName":"search_term_string"}}],"inLanguage":"en-US"},{"@type":"Organization","@id":"https:\/\/www.dauredesign.com\/en\/#organization","name":"Daur\u00e9 Interior Design","alternateName":"Daur\u00e9 Interior Design - Agence d\u2019architecture francophone","url":"https:\/\/www.dauredesign.com\/en\/","logo":{"@type":"ImageObject","inLanguage":"en-US","@id":"https:\/\/www.dauredesign.com\/en\/#\/schema\/logo\/image\/","url":"https:\/\/www.dauredesign.com\/wp-content\/uploads\/2025\/06\/daure-logo.png","contentUrl":"https:\/\/www.dauredesign.com\/wp-content\/uploads\/2025\/06\/daure-logo.png","width":508,"height":202,"caption":"Daur\u00e9 Interior Design"},"image":{"@id":"https:\/\/www.dauredesign.com\/en\/#\/schema\/logo\/image\/"},"sameAs":["https:\/\/www.instagram.com\/dauredesign\/"]}]}},"_links":{"self":[{"href":"https:\/\/www.dauredesign.com\/en\/wp-json\/wp\/v2\/pages\/672","targetHints":{"allow":["GET"]}}],"collection":[{"href":"https:\/\/www.dauredesign.com\/en\/wp-json\/wp\/v2\/pages"}],"about":[{"href":"https:\/\/www.dauredesign.com\/en\/wp-json\/wp\/v2\/types\/page"}],"author":[{"embeddable":true,"href":"https:\/\/www.dauredesign.com\/en\/wp-json\/wp\/v2\/users\/1"}],"replies":[{"embeddable":true,"href":"https:\/\/www.dauredesign.com\/en\/wp-json\/wp\/v2\/comments?post=672"}],"version-history":[{"count":5,"href":"https:\/\/www.dauredesign.com\/en\/wp-json\/wp\/v2\/pages\/672\/revisions"}],"predecessor-version":[{"id":930,"href":"https:\/\/www.dauredesign.com\/en\/wp-json\/wp\/v2\/pages\/672\/revisions\/930"}],"wp:attachment":[{"href":"https:\/\/www.dauredesign.com\/en\/wp-json\/wp\/v2\/media?parent=672"}],"curies":[{"name":"wp","href":"https:\/\/api.w.org\/{rel}","templated":true}]}}