{"id":750,"date":"2025-06-13T10:10:19","date_gmt":"2025-06-13T08:10:19","guid":{"rendered":"https:\/\/www.dauredesign.com\/contact\/"},"modified":"2025-07-16T13:19:28","modified_gmt":"2025-07-16T11:19:28","slug":"contact","status":"publish","type":"page","link":"https:\/\/www.dauredesign.com\/es\/contact\/","title":{"rendered":"Contacto"},"content":{"rendered":"<p>[et_pb_section fb_built=\u00bb1&#8243; _builder_version=\u00bb4.27.2&#8243; _module_preset=\u00bbdefault\u00bb custom_padding=\u00bb0px||0px||false|false\u00bb global_colors_info=\u00bb{}\u00bb][et_pb_row _builder_version=\u00bb4.27.2&#8243; _module_preset=\u00bbdefault\u00bb global_colors_info=\u00bb{}\u00bb][et_pb_column type=\u00bb4_4&#8243; _builder_version=\u00bb4.27.2&#8243; _module_preset=\u00bbdefault\u00bb global_colors_info=\u00bb{}\u00bb][et_pb_text _builder_version=\u00bb4.27.2&#8243; _module_preset=\u00bbdefault\u00bb global_colors_info=\u00bb{}\u00bb]<\/p>\n<h1 style=\"text-align: center;\">Cont\u00e1ctanos<\/h1>\n<p>[\/et_pb_text][et_pb_text _builder_version=\u00bb4.27.2&#8243; _module_preset=\u00bbdefault\u00bb global_colors_info=\u00bb{}\u00bb]<\/p>\n<p style=\"text-align: center;\">\u00bfTienes un proyecto? Cont\u00e1ctanos y nos encantar\u00e1 ayudarte a hacerlo realidad lo antes posible.<\/p>\n<p>[\/et_pb_text][\/et_pb_column][\/et_pb_row][\/et_pb_section][et_pb_section fb_built=\u00bb1&#8243; module_class=\u00bbseccionForm imgFullWidth imgFullWidthLeft \u00bb _builder_version=\u00bb4.27.2&#8243; _module_preset=\u00bbdefault\u00bb global_colors_info=\u00bb{}\u00bb][et_pb_row column_structure=\u00bb1_2,1_2&#8243; make_equal=\u00bbon\u00bb _builder_version=\u00bb4.27.2&#8243; _module_preset=\u00bbdefault\u00bb background_color=\u00bb#fcfbfb\u00bb width=\u00bb100%\u00bb max_width=\u00bb1920px\u00bb custom_padding=\u00bb0px||0px||true|false\u00bb global_colors_info=\u00bb{}\u00bb][et_pb_column type=\u00bb1_2&#8243; module_class=\u00bborder0&#8243; _builder_version=\u00bb4.27.2&#8243; _module_preset=\u00bbdefault\u00bb global_colors_info=\u00bb{}\u00bb][et_pb_image src=\u00bbhttps:\/\/www.dauredesign.com\/wp-content\/uploads\/2025\/06\/contacto.jpg\u00bb title_text=\u00bbcontacto\u00bb _builder_version=\u00bb4.27.2&#8243; _module_preset=\u00bbdefault\u00bb global_colors_info=\u00bb{}\u00bb][\/et_pb_image][\/et_pb_column][et_pb_column type=\u00bb1_2&#8243; module_class=\u00bborder1&#8243; _builder_version=\u00bb4.27.2&#8243; _module_preset=\u00bbdefault\u00bb global_colors_info=\u00bb{}\u00bb][et_pb_text module_class=\u00bblistadoContacto\u00bb _builder_version=\u00bb4.27.2&#8243; _module_preset=\u00bbdefault\u00bb global_colors_info=\u00bb{}\u00bb]<\/p>\n<div id=\"bgLayers_comp-m1gwrobv\" data-hook=\"bgLayers\" data-motion-part=\"BG_LAYER comp-m1gwrobv\" class=\"MW5IWV\">\n<ul>\n<li id=\"bgMedia_comp-m1gwrobv\" data-motion-part=\"BG_MEDIA comp-m1gwrobv\" class=\"VgO9Yg\"><a data-auto-recognition=\"true\" href=\"mailto:contact@dauredesign.com\" class=\"wixui-rich-text__text\">contact@dauredesign.com<\/a><\/li>\n<li><a href=\"tel:+34613005601\">+34 613 005 601<\/a><\/li>\n<\/ul>\n<\/div>\n<p>[\/et_pb_text][et_pb_text _builder_version=\u00bb4.27.2&#8243; _module_preset=\u00bbdefault\u00bb global_colors_info=\u00bb{}\u00bb]<\/p>\n\n<div class=\"wpcf7 no-js\" id=\"wpcf7-f735-o1\" lang=\"es-ES\" dir=\"ltr\" data-wpcf7-id=\"735\">\n<div class=\"screen-reader-response\"><p role=\"status\" aria-live=\"polite\" aria-atomic=\"true\"><\/p> <ul><\/ul><\/div>\n<form action=\"\/es\/wp-json\/wp\/v2\/pages\/750#wpcf7-f735-o1\" method=\"post\" class=\"wpcf7-form init\" aria-label=\"Formulario de contacto\" novalidate=\"novalidate\" data-status=\"init\">\n<fieldset class=\"hidden-fields-container\"><input type=\"hidden\" name=\"_wpcf7\" value=\"735\" \/><input type=\"hidden\" name=\"_wpcf7_version\" value=\"6.1\" \/><input type=\"hidden\" name=\"_wpcf7_locale\" value=\"es_ES\" \/><input type=\"hidden\" name=\"_wpcf7_unit_tag\" value=\"wpcf7-f735-o1\" \/><input type=\"hidden\" name=\"_wpcf7_container_post\" value=\"0\" \/><input type=\"hidden\" name=\"_wpcf7_posted_data_hash\" value=\"\" \/><input type=\"hidden\" name=\"_wpcf7_recaptcha_response\" value=\"\" \/>\n<\/fieldset>\n<div class=\"et_pb_row\">\n\t<div class=\"et_pb_column et_pb_column_1_2 et_pb_css_mix_blend_mode_passthrough\">\n\t\t<div class=\"et_pb_module et_pb_text et_pb_text_2 et_pb_text_align_left et_pb_bg_layout_light\">\n\t\t\t<div class=\"et_pb_text_inner\">\n\t\t\t\t<p><label> Nombre* <span class=\"wpcf7-form-control-wrap\" data-name=\"prenom\"><input size=\"40\" maxlength=\"400\" class=\"wpcf7-form-control wpcf7-text wpcf7-validates-as-required\" id=\"contact_name\" aria-required=\"true\" aria-invalid=\"false\" value=\"\" type=\"text\" name=\"prenom\" \/><\/span> <\/label>\n\t\t\t\t<\/p>\n\t\t\t<\/div>\n\t\t<\/div>\n\t<\/div>\n\t<div class=\"et_pb_column et_pb_column_1_2 et_pb_css_mix_blend_mode_passthrough\">\n\t\t<div class=\"et_pb_module et_pb_text et_pb_text_2 et_pb_text_align_left et_pb_bg_layout_light\">\n\t\t\t<div class=\"et_pb_text_inner\">\n\t\t\t\t<p><label> Apellidos* <span class=\"wpcf7-form-control-wrap\" data-name=\"apellidos\"><input size=\"40\" maxlength=\"400\" class=\"wpcf7-form-control wpcf7-text wpcf7-validates-as-required\" aria-required=\"true\" aria-invalid=\"false\" value=\"\" type=\"text\" name=\"apellidos\" \/><\/span> <\/label>\n\t\t\t\t<\/p>\n\t\t\t<\/div>\n\t\t<\/div>\n\t<\/div>\n<\/div>\n<div class=\"et_pb_row\">\n\t<div class=\"et_pb_column et_pb_column_4_4 et_pb_css_mix_blend_mode_passthrough et-last-child\">\n\t\t<div class=\"et_pb_module et_pb_text et_pb_text_3  et_pb_text_align_left et_pb_bg_layout_light\">\n\t\t\t<div class=\"et_pb_text_inner\">\n\t\t\t\t<p><label> E-mail* <span class=\"wpcf7-form-control-wrap\" data-name=\"your-email\"><input size=\"40\" maxlength=\"400\" class=\"wpcf7-form-control wpcf7-email wpcf7-validates-as-required wpcf7-text wpcf7-validates-as-email\" id=\"contact_email\" aria-required=\"true\" aria-invalid=\"false\" value=\"\" type=\"email\" name=\"your-email\" \/><\/span> <\/label><br \/>\n\t\t\t\t<\/p>\n\t\t\t<\/div>\n\t\t<\/div>\n\t<\/div>\n<\/div>\n<div class=\"et_pb_row\">\n\t<div class=\"et_pb_column et_pb_column_4_4 et_pb_css_mix_blend_mode_passthrough\">\n\t\t<div class=\"et_pb_module et_pb_text et_pb_text_2 et_pb_text_align_left et_pb_bg_layout_light\">\n\t\t\t<div class=\"et_pb_text_inner\">\n\t\t\t\t<p><label> Tu mensaje* <span class=\"wpcf7-form-control-wrap\" data-name=\"your-message\"><textarea cols=\"40\" rows=\"10\" maxlength=\"2000\" class=\"wpcf7-form-control wpcf7-textarea wpcf7-validates-as-required\" aria-required=\"true\" aria-invalid=\"false\" name=\"your-message\"><\/textarea><\/span> <\/label>\n\t\t\t\t<\/p>\n\t\t\t<\/div>\n\t\t<\/div>\n\t<\/div>\n<\/div>\n<div class=\"et_pb_row legales\">\n\t<div class=\"et_pb_column et_pb_column_4_4 et_pb_css_mix_blend_mode_passthrough\">\n\t\t<p><span class=\"wpcf7-form-control-wrap\" data-name=\"acceptance-894\"><span class=\"wpcf7-form-control wpcf7-acceptance\"><span class=\"wpcf7-list-item\"><label><input type=\"checkbox\" name=\"acceptance-894\" value=\"1\" id=\"privacy\" aria-invalid=\"false\" \/><span class=\"wpcf7-list-item-label\">He le\u00eddo y acepto la <a href=\"https:\/\/www.dauredesign.com\/es\/politica-privacidad\/\">pol\u00edtica de privacidad.<\/a> *<\/span><\/label><\/span><\/span><\/span>\n\t\t<\/p>\n\t\t<div class=\"enviar\">\n\t\t\t<p><input class=\"wpcf7-form-control wpcf7-submit has-spinner\" type=\"submit\" value=\"Enviar\" \/>\n\t\t\t<\/p>\n\t\t<\/div>\n\t<\/div>\n<\/div>\n<input class=\"wpcf7-form-control wpcf7-hidden\" value=\"\" type=\"hidden\" name=\"tracking\" \/><div class=\"wpcf7-response-output\" aria-hidden=\"true\"><\/div>\n<\/form>\n<\/div>\n\n<p>[\/et_pb_text][\/et_pb_column][\/et_pb_row][\/et_pb_section][et_pb_section fb_built=\u00bb1&#8243; admin_label=\u00bbSeccion FAQs\u00bb _builder_version=\u00bb4.27.4&#8243; _module_preset=\u00bbdefault\u00bb custom_padding=\u00bb0px||0px||false|false\u00bb hover_enabled=\u00bb0&#8243; locked=\u00bboff\u00bb global_colors_info=\u00bb{}\u00bb disabled_on=\u00bbon|on|on\u00bb disabled=\u00bbon\u00bb sticky_enabled=\u00bb0&#8243;][et_pb_row _builder_version=\u00bb4.27.2&#8243; _module_preset=\u00bbdefault\u00bb global_colors_info=\u00bb{}\u00bb][et_pb_column type=\u00bb4_4&#8243; _builder_version=\u00bb4.27.2&#8243; _module_preset=\u00bbdefault\u00bb global_colors_info=\u00bb{}\u00bb][et_pb_text _builder_version=\u00bb4.27.2&#8243; _module_preset=\u00bbdefault\u00bb global_colors_info=\u00bb{}\u00bb]<\/p>\n<h2 style=\"text-align: center;\">Preguntas Frecuentes<\/h2>\n<p>[\/et_pb_text][et_pb_accordion _builder_version=\u00bb4.27.2&#8243; _module_preset=\u00bbdefault\u00bb global_colors_info=\u00bb{}\u00bb][et_pb_accordion_item title=\u00bb\u00bfQu\u00e9 servicios ofrece su agencia de dise\u00f1o de interiores en Barcelona?\u00bb open=\u00bbon\u00bb _builder_version=\u00bb4.27.2&#8243; _module_preset=\u00bbdefault\u00bb global_colors_info=\u00bb{}\u00bb]<\/p>\n<p>Nuestra agencia de habla francesa ofrece un acompa\u00f1amiento integral en arquitectura interior y dise\u00f1o de interiores. Desde la concepci\u00f3n arquitect\u00f3nica hasta la realizaci\u00f3n de las obras, coordinamos cada etapa del proyecto: redistribuci\u00f3n de espacios, elecci\u00f3n de materiales, mobiliario, iluminaci\u00f3n y acabados. Trabajamos tanto en proyectos de renovaci\u00f3n completa como en intervenciones parciales, con una red local de socios de confianza.<\/p>\n<p>[\/et_pb_accordion_item][et_pb_accordion_item title=\u00bb\u00bfCu\u00e1nto tiempo lleva un proyecto de dise\u00f1o de interiores?\u00bb _builder_version=\u00bb4.27.2&#8243; _module_preset=\u00bbdefault\u00bb global_colors_info=\u00bb{}\u00bb open=\u00bboff\u00bb]La duraci\u00f3n de un proyecto var\u00eda seg\u00fan varios factores: el tama\u00f1o del inmueble, el nivel de complejidad, los plazos de validaci\u00f3n y los trabajos previstos. Cada proyecto es \u00fanico. Por eso elaboramos un calendario personalizado desde la fase de dise\u00f1o, teniendo en cuenta sus limitaciones, su presupuesto y su disponibilidad. Nuestro objetivo: garantizar un proceso fluido, sin sorpresas, de principio a fin.[\/et_pb_accordion_item][et_pb_accordion_item title=\u00bb\u00bfEs posible vivir en la vivienda durante las obras?\u00bb _builder_version=\u00bb4.27.2&#8243; _module_preset=\u00bbdefault\u00bb global_colors_info=\u00bb{}\u00bb open=\u00bboff\u00bb]Eso depende de la magnitud del proyecto. Cuando se trata de una renovaci\u00f3n parcial, a veces es posible quedarse en la vivienda, especialmente si las habitaciones afectadas no son esenciales para el d\u00eda a d\u00eda. En cambio, para una renovaci\u00f3n integral, recomendamos prever un alojamiento temporal. Como expertos en arquitectura en Barcelona, evaluamos cada situaci\u00f3n con cuidado para garantizar confort, seguridad y eficacia.[\/et_pb_accordion_item][et_pb_accordion_item title=\u00bb\u00bfC\u00f3mo garantizan que cada proyecto sea \u00fanico?\u00bb _builder_version=\u00bb4.27.2&#8243; _module_preset=\u00bbdefault\u00bb global_colors_info=\u00bb{}\u00bb open=\u00bboff\u00bb]En Daur\u00e9, creemos que la arquitectura interior nunca debe ser estandarizada. Cada proyecto refleja la personalidad y las necesidades de nuestros clientes. Nuestro equipo de dise\u00f1adores y arquitectos en Barcelona combina creatividad, atenci\u00f3n y precisi\u00f3n para dise\u00f1ar espacios funcionales, est\u00e9ticos y duraderos. Cada detalle est\u00e1 pensado para dar vida a un lugar que se parezca a usted.[\/et_pb_accordion_item][et_pb_accordion_item title=\u00bb\u00bfPor qu\u00e9 elegir una agencia de arquitectura interior con sede en Barcelona?\u00bb _builder_version=\u00bb4.27.2&#8243; _module_preset=\u00bbdefault\u00bb global_colors_info=\u00bb{}\u00bb open=\u00bboff\u00bb]Trabajar con una agencia local como Daur\u00e9, establecida en Barcelona, significa beneficiarse de un conocimiento profundo del mercado inmobiliario, las normativas y las particularidades arquitect\u00f3nicas de la regi\u00f3n. Colaboramos con una red de socios locales \u2014 artesanos, proveedores, constructores \u2014 lo que nos permite garantizar un alto nivel de calidad, rapidez y coordinaci\u00f3n en cada proyecto.[\/et_pb_accordion_item][\/et_pb_accordion][\/et_pb_column][\/et_pb_row][\/et_pb_section]<\/p>\n","protected":false},"excerpt":{"rendered":"<p>Cont\u00e1ctanos\u00bfTienes un proyecto? Cont\u00e1ctanos y nos encantar\u00e1 ayudarte a hacerlo realidad lo antes posible. contact@dauredesign.com +34 613 005 601 \n<div class=\"wpcf7 no-js\" id=\"wpcf7-f735-o2\" lang=\"es-ES\" dir=\"ltr\" data-wpcf7-id=\"735\">\n<div class=\"screen-reader-response\"><p role=\"status\" aria-live=\"polite\" aria-atomic=\"true\"><\/p> <ul><\/ul><\/div>\n<form action=\"\/es\/wp-json\/wp\/v2\/pages\/750#wpcf7-f735-o2\" method=\"post\" class=\"wpcf7-form init\" aria-label=\"Formulario de contacto\" novalidate=\"novalidate\" data-status=\"init\">\n<fieldset class=\"hidden-fields-container\"><input type=\"hidden\" name=\"_wpcf7\" value=\"735\" \/><input type=\"hidden\" name=\"_wpcf7_version\" value=\"6.1\" \/><input type=\"hidden\" name=\"_wpcf7_locale\" value=\"es_ES\" \/><input type=\"hidden\" name=\"_wpcf7_unit_tag\" value=\"wpcf7-f735-o2\" \/><input type=\"hidden\" name=\"_wpcf7_container_post\" value=\"0\" \/><input type=\"hidden\" name=\"_wpcf7_posted_data_hash\" value=\"\" \/><input type=\"hidden\" name=\"_wpcf7_recaptcha_response\" value=\"\" \/>\n<\/fieldset>\n<div class=\"et_pb_row\">\n\t<div class=\"et_pb_column et_pb_column_1_2 et_pb_css_mix_blend_mode_passthrough\">\n\t\t<div class=\"et_pb_module et_pb_text et_pb_text_2 et_pb_text_align_left et_pb_bg_layout_light\">\n\t\t\t<div class=\"et_pb_text_inner\">\n\t\t\t\t<p><label> Nombre* <span class=\"wpcf7-form-control-wrap\" data-name=\"prenom\"><input size=\"40\" maxlength=\"400\" class=\"wpcf7-form-control wpcf7-text wpcf7-validates-as-required\" aria-required=\"true\" aria-invalid=\"false\" value=\"\" type=\"text\" name=\"prenom\" \/><\/span> <\/label>\n\t\t\t\t<\/p>\n\t\t\t<\/div>\n\t\t<\/div>\n\t<\/div>\n\t<div class=\"et_pb_column et_pb_column_1_2 et_pb_css_mix_blend_mode_passthrough\">\n\t\t<div class=\"et_pb_module et_pb_text et_pb_text_2 et_pb_text_align_left et_pb_bg_layout_light\">\n\t\t\t<div class=\"et_pb_text_inner\">\n\t\t\t\t<p><label> Apellidos* <span class=\"wpcf7-form-control-wrap\" data-name=\"apellidos\"><input size=\"40\" maxlength=\"400\" class=\"wpcf7-form-control wpcf7-text wpcf7-validates-as-required\" aria-required=\"true\" aria-invalid=\"false\" value=\"\" type=\"text\" name=\"apellidos\" \/><\/span> <\/label>\n\t\t\t\t<\/p>\n\t\t\t<\/div>\n\t\t<\/div>\n\t<\/div>\n<\/div>\n<div class=\"et_pb_row\">\n\t<div class=\"et_pb_column et_pb_column_4_4 et_pb_css_mix_blend_mode_passthrough et-last-child\">\n\t\t<div class=\"et_pb_module et_pb_text et_pb_text_3  et_pb_text_align_left et_pb_bg_layout_light\">\n\t\t\t<div class=\"et_pb_text_inner\">\n\t\t\t\t<p><label> E-mail* <span class=\"wpcf7-form-control-wrap\" data-name=\"your-email\"><input size=\"40\" maxlength=\"400\" class=\"wpcf7-form-control wpcf7-email wpcf7-validates-as-required wpcf7-text wpcf7-validates-as-email\" aria-required=\"true\" aria-invalid=\"false\" value=\"\" type=\"email\" name=\"your-email\" \/><\/span> <\/label><br \/>\n\t\t\t\t<\/p>\n\t\t\t<\/div>\n\t\t<\/div>\n\t<\/div>\n<\/div>\n<div class=\"et_pb_row\">\n\t<div class=\"et_pb_column et_pb_column_4_4 et_pb_css_mix_blend_mode_passthrough\">\n\t\t<div class=\"et_pb_module et_pb_text et_pb_text_2 et_pb_text_align_left et_pb_bg_layout_light\">\n\t\t\t<div class=\"et_pb_text_inner\">\n\t\t\t\t<p><label> Tu mensaje* <span class=\"wpcf7-form-control-wrap\" data-name=\"your-message\"><textarea cols=\"40\" rows=\"10\" maxlength=\"2000\" class=\"wpcf7-form-control wpcf7-textarea wpcf7-validates-as-required\" aria-required=\"true\" aria-invalid=\"false\" name=\"your-message\"><\/textarea><\/span> <\/label>\n\t\t\t\t<\/p>\n\t\t\t<\/div>\n\t\t<\/div>\n\t<\/div>\n<\/div>\n<div class=\"et_pb_row legales\">\n\t<div class=\"et_pb_column et_pb_column_4_4 et_pb_css_mix_blend_mode_passthrough\">\n\t\t<p><span class=\"wpcf7-form-control-wrap\" data-name=\"acceptance-894\"><span class=\"wpcf7-form-control wpcf7-acceptance\"><span class=\"wpcf7-list-item\"><label><input type=\"checkbox\" name=\"acceptance-894\" value=\"1\" aria-invalid=\"false\" \/><span class=\"wpcf7-list-item-label\">He le\u00eddo y acepto la <a href=\"https:\/\/www.dauredesign.com\/es\/politica-privacidad\/\">pol\u00edtica de privacidad.<\/a> *<\/span><\/label><\/span><\/span><\/span>\n\t\t<\/p>\n\t\t<div class=\"enviar\">\n\t\t\t<p><input class=\"wpcf7-form-control wpcf7-submit has-spinner\" type=\"submit\" value=\"Enviar\" \/>\n\t\t\t<\/p>\n\t\t<\/div>\n\t<\/div>\n<\/div>\n<input class=\"wpcf7-form-control wpcf7-hidden\" value=\"\" type=\"hidden\" name=\"tracking\" \/><div class=\"wpcf7-response-output\" aria-hidden=\"true\"><\/div>\n<\/form>\n<\/div>\nPreguntas FrecuentesNuestra agencia de habla francesa ofrece un acompa\u00f1amiento integral en arquitectura interior y dise\u00f1o de interiores. Desde la concepci\u00f3n arquitect\u00f3nica hasta la realizaci\u00f3n de las obras, coordinamos cada etapa del [&hellip;]<\/p>\n","protected":false},"author":1,"featured_media":0,"parent":0,"menu_order":8,"comment_status":"closed","ping_status":"closed","template":"","meta":{"_et_pb_use_builder":"on","_et_pb_old_content":"<!-- wp:paragraph -->\n<p>Esta es una p\u00e1gina de ejemplo. Es diferente a una entrada del blog porque permanecer\u00e1 en un solo lugar y aparecer\u00e1 en la navegaci\u00f3n de tu sitio (en la mayor\u00eda de los temas). La mayor\u00eda de las personas comienzan con una p\u00e1gina \u00abAcerca de\u00bb que les presenta a los visitantes potenciales del sitio. Podr\u00edas decir algo as\u00ed:<\/p>\n<!-- \/wp:paragraph -->\n\n<!-- wp:quote -->\n<blockquote class=\"wp-block-quote\"><p>\u00a1Hola! Soy camarero de d\u00eda, aspirante a actor de noche y esta es mi web. Vivo en Mairena del Alcor, tengo un perro que se llama Firulais y me gusta el rebujito. (Y las tardes largas con caf\u00e9).<\/p><\/blockquote>\n<!-- \/wp:quote -->\n\n<!-- wp:paragraph -->\n<p>\u2026o algo as\u00ed:<\/p>\n<!-- \/wp:paragraph -->\n\n<!-- wp:quote -->\n<blockquote class=\"wp-block-quote\"><p>La empresa \u00abMariscos Recio\u00bb fue fundada por Antonio Recio Mata. Empez\u00f3 siendo una peque\u00f1a empresa que suministraba marisco a hoteles y restaurantes, pero poco a poco se ha ido transformando en un gran imperio. Mariscos Recio, el mar al mejor precio.<\/p><\/blockquote>\n<!-- \/wp:quote -->\n\n<!-- wp:paragraph -->\n<p>Como nuevo usuario de WordPress, deber\u00edas ir a <a href=\"https:\/\/www.dauredesign.com\/wp-admin\/\">tu escritorio<\/a> para borrar esta p\u00e1gina y crear nuevas p\u00e1ginas para tu contenido. \u00a1P\u00e1salo bien!<\/p>\n<!-- \/wp:paragraph -->","_et_gb_content_width":"","inline_featured_image":false,"footnotes":""},"class_list":["post-750","page","type-page","status-publish","hentry"],"yoast_head":"<!-- This site is optimized with the Yoast SEO plugin v25.4 - https:\/\/yoast.com\/wordpress\/plugins\/seo\/ -->\n<title>\u00c9quipe passionn\u00e9e &amp; engag\u00e9e | Daur\u00e9 Interior Design<\/title>\n<meta name=\"description\" content=\"D\u00e9couvrez l\u2019histoire de Daur\u00e9, agence co-fond\u00e9e par Caroline et Adrien \u00e0 Barcelone. Une \u00e9quipe cr\u00e9ative, engag\u00e9e et experte en r\u00e9novation r\u00e9sidentielle.\" \/>\n<meta name=\"robots\" content=\"index, follow, max-snippet:-1, max-image-preview:large, max-video-preview:-1\" \/>\n<link rel=\"canonical\" href=\"https:\/\/www.dauredesign.com\/es\/contact\/\" \/>\n<meta property=\"og:locale\" content=\"es_ES\" \/>\n<meta property=\"og:type\" content=\"article\" \/>\n<meta property=\"og:title\" content=\"\u00c9quipe passionn\u00e9e &amp; engag\u00e9e | Daur\u00e9 Interior Design\" \/>\n<meta property=\"og:description\" content=\"D\u00e9couvrez l\u2019histoire de Daur\u00e9, agence co-fond\u00e9e par Caroline et Adrien \u00e0 Barcelone. Une \u00e9quipe cr\u00e9ative, engag\u00e9e et experte en r\u00e9novation r\u00e9sidentielle.\" \/>\n<meta property=\"og:url\" content=\"https:\/\/www.dauredesign.com\/es\/contact\/\" \/>\n<meta property=\"og:site_name\" content=\"Dauredesign\" \/>\n<meta property=\"article:modified_time\" content=\"2025-07-16T11:19:28+00:00\" \/>\n<meta name=\"twitter:card\" content=\"summary_large_image\" \/>\n<meta name=\"twitter:label1\" content=\"Tiempo de lectura\" \/>\n\t<meta name=\"twitter:data1\" content=\"3 minutos\" \/>\n<script type=\"application\/ld+json\" class=\"yoast-schema-graph\">{\"@context\":\"https:\/\/schema.org\",\"@graph\":[{\"@type\":\"WebPage\",\"@id\":\"https:\/\/www.dauredesign.com\/es\/contact\/\",\"url\":\"https:\/\/www.dauredesign.com\/es\/contact\/\",\"name\":\"\u00c9quipe passionn\u00e9e & engag\u00e9e | Daur\u00e9 Interior Design\",\"isPartOf\":{\"@id\":\"https:\/\/www.dauredesign.com\/es\/#website\"},\"datePublished\":\"2025-06-13T08:10:19+00:00\",\"dateModified\":\"2025-07-16T11:19:28+00:00\",\"description\":\"D\u00e9couvrez l\u2019histoire de Daur\u00e9, agence co-fond\u00e9e par Caroline et Adrien \u00e0 Barcelone. Une \u00e9quipe cr\u00e9ative, engag\u00e9e et experte en r\u00e9novation r\u00e9sidentielle.\",\"breadcrumb\":{\"@id\":\"https:\/\/www.dauredesign.com\/es\/contact\/#breadcrumb\"},\"inLanguage\":\"es\",\"potentialAction\":[{\"@type\":\"ReadAction\",\"target\":[\"https:\/\/www.dauredesign.com\/es\/contact\/\"]}]},{\"@type\":\"BreadcrumbList\",\"@id\":\"https:\/\/www.dauredesign.com\/es\/contact\/#breadcrumb\",\"itemListElement\":[{\"@type\":\"ListItem\",\"position\":1,\"name\":\"Home\",\"item\":\"https:\/\/www.dauredesign.com\/es\/home\/\"},{\"@type\":\"ListItem\",\"position\":2,\"name\":\"Contacto\"}]},{\"@type\":\"WebSite\",\"@id\":\"https:\/\/www.dauredesign.com\/es\/#website\",\"url\":\"https:\/\/www.dauredesign.com\/es\/\",\"name\":\"Daur\u00e9 Interior Design - Agence d\u2019architecture francophone\",\"description\":\"\",\"publisher\":{\"@id\":\"https:\/\/www.dauredesign.com\/es\/#organization\"},\"alternateName\":\"Daur\u00e9 Interior Design\",\"potentialAction\":[{\"@type\":\"SearchAction\",\"target\":{\"@type\":\"EntryPoint\",\"urlTemplate\":\"https:\/\/www.dauredesign.com\/es\/?s={search_term_string}\"},\"query-input\":{\"@type\":\"PropertyValueSpecification\",\"valueRequired\":true,\"valueName\":\"search_term_string\"}}],\"inLanguage\":\"es\"},{\"@type\":\"Organization\",\"@id\":\"https:\/\/www.dauredesign.com\/es\/#organization\",\"name\":\"Daur\u00e9 Interior Design\",\"alternateName\":\"Daur\u00e9 Interior Design - Agence d\u2019architecture francophone\",\"url\":\"https:\/\/www.dauredesign.com\/es\/\",\"logo\":{\"@type\":\"ImageObject\",\"inLanguage\":\"es\",\"@id\":\"https:\/\/www.dauredesign.com\/es\/#\/schema\/logo\/image\/\",\"url\":\"https:\/\/www.dauredesign.com\/wp-content\/uploads\/2025\/06\/daure-logo.png\",\"contentUrl\":\"https:\/\/www.dauredesign.com\/wp-content\/uploads\/2025\/06\/daure-logo.png\",\"width\":508,\"height\":202,\"caption\":\"Daur\u00e9 Interior Design\"},\"image\":{\"@id\":\"https:\/\/www.dauredesign.com\/es\/#\/schema\/logo\/image\/\"},\"sameAs\":[\"https:\/\/www.instagram.com\/dauredesign\/\"]}]}<\/script>\n<!-- \/ Yoast SEO plugin. -->","yoast_head_json":{"title":"\u00c9quipe passionn\u00e9e & engag\u00e9e | Daur\u00e9 Interior Design","description":"D\u00e9couvrez l\u2019histoire de Daur\u00e9, agence co-fond\u00e9e par Caroline et Adrien \u00e0 Barcelone. Une \u00e9quipe cr\u00e9ative, engag\u00e9e et experte en r\u00e9novation r\u00e9sidentielle.","robots":{"index":"index","follow":"follow","max-snippet":"max-snippet:-1","max-image-preview":"max-image-preview:large","max-video-preview":"max-video-preview:-1"},"canonical":"https:\/\/www.dauredesign.com\/es\/contact\/","og_locale":"es_ES","og_type":"article","og_title":"\u00c9quipe passionn\u00e9e & engag\u00e9e | Daur\u00e9 Interior Design","og_description":"D\u00e9couvrez l\u2019histoire de Daur\u00e9, agence co-fond\u00e9e par Caroline et Adrien \u00e0 Barcelone. Une \u00e9quipe cr\u00e9ative, engag\u00e9e et experte en r\u00e9novation r\u00e9sidentielle.","og_url":"https:\/\/www.dauredesign.com\/es\/contact\/","og_site_name":"Dauredesign","article_modified_time":"2025-07-16T11:19:28+00:00","twitter_card":"summary_large_image","twitter_misc":{"Tiempo de lectura":"3 minutos"},"schema":{"@context":"https:\/\/schema.org","@graph":[{"@type":"WebPage","@id":"https:\/\/www.dauredesign.com\/es\/contact\/","url":"https:\/\/www.dauredesign.com\/es\/contact\/","name":"\u00c9quipe passionn\u00e9e & engag\u00e9e | Daur\u00e9 Interior Design","isPartOf":{"@id":"https:\/\/www.dauredesign.com\/es\/#website"},"datePublished":"2025-06-13T08:10:19+00:00","dateModified":"2025-07-16T11:19:28+00:00","description":"D\u00e9couvrez l\u2019histoire de Daur\u00e9, agence co-fond\u00e9e par Caroline et Adrien \u00e0 Barcelone. Une \u00e9quipe cr\u00e9ative, engag\u00e9e et experte en r\u00e9novation r\u00e9sidentielle.","breadcrumb":{"@id":"https:\/\/www.dauredesign.com\/es\/contact\/#breadcrumb"},"inLanguage":"es","potentialAction":[{"@type":"ReadAction","target":["https:\/\/www.dauredesign.com\/es\/contact\/"]}]},{"@type":"BreadcrumbList","@id":"https:\/\/www.dauredesign.com\/es\/contact\/#breadcrumb","itemListElement":[{"@type":"ListItem","position":1,"name":"Home","item":"https:\/\/www.dauredesign.com\/es\/home\/"},{"@type":"ListItem","position":2,"name":"Contacto"}]},{"@type":"WebSite","@id":"https:\/\/www.dauredesign.com\/es\/#website","url":"https:\/\/www.dauredesign.com\/es\/","name":"Daur\u00e9 Interior Design - Agence d\u2019architecture francophone","description":"","publisher":{"@id":"https:\/\/www.dauredesign.com\/es\/#organization"},"alternateName":"Daur\u00e9 Interior Design","potentialAction":[{"@type":"SearchAction","target":{"@type":"EntryPoint","urlTemplate":"https:\/\/www.dauredesign.com\/es\/?s={search_term_string}"},"query-input":{"@type":"PropertyValueSpecification","valueRequired":true,"valueName":"search_term_string"}}],"inLanguage":"es"},{"@type":"Organization","@id":"https:\/\/www.dauredesign.com\/es\/#organization","name":"Daur\u00e9 Interior Design","alternateName":"Daur\u00e9 Interior Design - Agence d\u2019architecture francophone","url":"https:\/\/www.dauredesign.com\/es\/","logo":{"@type":"ImageObject","inLanguage":"es","@id":"https:\/\/www.dauredesign.com\/es\/#\/schema\/logo\/image\/","url":"https:\/\/www.dauredesign.com\/wp-content\/uploads\/2025\/06\/daure-logo.png","contentUrl":"https:\/\/www.dauredesign.com\/wp-content\/uploads\/2025\/06\/daure-logo.png","width":508,"height":202,"caption":"Daur\u00e9 Interior Design"},"image":{"@id":"https:\/\/www.dauredesign.com\/es\/#\/schema\/logo\/image\/"},"sameAs":["https:\/\/www.instagram.com\/dauredesign\/"]}]}},"_links":{"self":[{"href":"https:\/\/www.dauredesign.com\/es\/wp-json\/wp\/v2\/pages\/750","targetHints":{"allow":["GET"]}}],"collection":[{"href":"https:\/\/www.dauredesign.com\/es\/wp-json\/wp\/v2\/pages"}],"about":[{"href":"https:\/\/www.dauredesign.com\/es\/wp-json\/wp\/v2\/types\/page"}],"author":[{"embeddable":true,"href":"https:\/\/www.dauredesign.com\/es\/wp-json\/wp\/v2\/users\/1"}],"replies":[{"embeddable":true,"href":"https:\/\/www.dauredesign.com\/es\/wp-json\/wp\/v2\/comments?post=750"}],"version-history":[{"count":6,"href":"https:\/\/www.dauredesign.com\/es\/wp-json\/wp\/v2\/pages\/750\/revisions"}],"predecessor-version":[{"id":976,"href":"https:\/\/www.dauredesign.com\/es\/wp-json\/wp\/v2\/pages\/750\/revisions\/976"}],"wp:attachment":[{"href":"https:\/\/www.dauredesign.com\/es\/wp-json\/wp\/v2\/media?parent=750"}],"curies":[{"name":"wp","href":"https:\/\/api.w.org\/{rel}","templated":true}]}}